{"id":102,"date":"2025-10-19T16:18:00","date_gmt":"2025-10-19T16:18:00","guid":{"rendered":"https:\/\/sioux.adv.br\/?page_id=102"},"modified":"2025-10-19T16:18:00","modified_gmt":"2025-10-19T16:18:00","slug":"direito-penal","status":"publish","type":"page","link":"https:\/\/sioux.adv.br\/?page_id=102","title":{"rendered":"Direito Penal"},"content":{"rendered":"\n<div class=\"wp-block-cover alignfull is-light has-contrast-color has-text-color has-link-color wp-elements-7a9d7ca095fb0f82662a7d1336c4ae82\" style=\"margin-top:0;margin-bottom:0;padding-top:var(--wp--preset--spacing--60);padding-right:var(--wp--preset--spacing--50);padding-bottom:var(--wp--preset--spacing--60);padding-left:var(--wp--preset--spacing--50)\"><span aria-hidden=\"true\" class=\"wp-block-cover__background has-base-background-color has-background-dim-100 has-background-dim\"><\/span><div class=\"wp-block-cover__inner-container has-global-padding is-layout-constrained wp-container-core-cover-is-layout-873ee6b1 wp-block-cover-is-layout-constrained\">\n<div class=\"wp-block-columns alignwide is-layout-flex wp-container-core-columns-is-layout-7ee84d44 wp-block-columns-is-layout-flex\">\n<div class=\"wp-block-column is-layout-flow wp-block-column-is-layout-flow\" style=\"flex-basis:65%\">\n<div class=\"wp-block-group is-vertical is-content-justification-stretch is-layout-flex wp-container-core-group-is-layout-353c4f5a wp-block-group-is-layout-flex\">\n<p class=\"is-style-text-subtitle has-medium-font-size is-style-text-subtitle--1\">A atua\u00e7\u00e3o em <strong>Direito Penal<\/strong> \u00e9 essencial para assegurar a <strong>ampla defesa, o contradit\u00f3rio e a prote\u00e7\u00e3o das garantias fundamentais<\/strong> em todas as fases do processo criminal. O escrit\u00f3rio oferece <strong>defesa t\u00e9cnica e estrat\u00e9gica para v\u00edtimas e acusados<\/strong>, acompanhando o caso desde o <strong>inqu\u00e9rito policial at\u00e9 a execu\u00e7\u00e3o penal<\/strong>, com base em an\u00e1lise probat\u00f3ria rigorosa e fundamenta\u00e7\u00e3o jur\u00eddica s\u00f3lida. A advocacia penal \u00e9 conduzida com <strong>\u00e9tica, sigilo e precis\u00e3o t\u00e9cnica<\/strong>, visando resultados eficazes e juridicamente seguros. Oferecendo, mas n\u00e3o se limitando, aos seguintes servi\u00e7os prestados:<\/p>\n\n\n\n<p class=\"has-small-font-size\">&#8211; Defesa em crimes comuns e da legisla\u00e7\u00e3o especial;<\/p>\n\n\n\n<p class=\"has-small-font-size\">&#8211; Atua\u00e7\u00e3o em inqu\u00e9ritos policiais, audi\u00eancias de cust\u00f3dia e instru\u00e7\u00e3o criminal;<\/p>\n\n\n\n<p class=\"has-small-font-size\">&#8211; Processos envolvendo tr\u00e1fico de drogas, recepta\u00e7\u00e3o, estelionato, porte de arma, les\u00f5es corporais e crimes ambientais;<\/p>\n\n\n\n<p class=\"has-small-font-size\">&#8211; Recursos criminais, revis\u00f5es e medidas cautelares;<\/p>\n\n\n\n<p class=\"has-small-font-size\">&#8211; Defesa pautada em prova t\u00e9cnica, legalidade e garantias constitucionais;<\/p>\n\n\n\n<p class=\"has-small-font-size\">&#8211; Pareceres e consultoria para preven\u00e7\u00e3o e estrat\u00e9gia penal individual;<\/p>\n\n\n\n<p class=\"has-small-font-size\">&#8211; Impetra\u00e7\u00e3o de Habeas Corpus; <\/p>\n\n\n\n<p class=\"has-small-font-size\">&#8211; Assessoria durante o Processo de Execu\u00e7\u00e3o Criminal no Cumprimento de Pena. <\/p>\n<\/div>\n<\/div>\n\n\n\n<div class=\"wp-block-column is-layout-flow wp-block-column-is-layout-flow\" style=\"flex-basis:35%\">\n<div class=\"wp-block-group is-vertical is-content-justification-stretch is-nowrap is-layout-flex wp-container-core-group-is-layout-73b0033c wp-block-group-is-layout-flex\">\n<figure class=\"wp-block-image size-full\"><img fetchpriority=\"high\" decoding=\"async\" width=\"270\" height=\"275\" src=\"https:\/\/sioux.adv.br\/wp-content\/uploads\/2025\/10\/AS-MARCA-D-AGUA-CINZA-6.png\" alt=\"\" class=\"wp-image-103\" style=\"aspect-ratio:3\/4;object-fit:cover\"\/><\/figure>\n<\/div>\n<\/div>\n<\/div>\n<\/div><\/div>\n","protected":false},"excerpt":{"rendered":"","protected":false},"author":1,"featured_media":0,"parent":0,"menu_order":0,"comment_status":"closed","ping_status":"closed","template":"","meta":{"footnotes":""},"class_list":["post-102","page","type-page","status-publish","hentry"],"_links":{"self":[{"href":"https:\/\/sioux.adv.br\/index.php?rest_route=\/wp\/v2\/pages\/102","targetHints":{"allow":["GET"]}}],"collection":[{"href":"https:\/\/sioux.adv.br\/index.php?rest_route=\/wp\/v2\/pages"}],"about":[{"href":"https:\/\/sioux.adv.br\/index.php?rest_route=\/wp\/v2\/types\/page"}],"author":[{"embeddable":true,"href":"https:\/\/sioux.adv.br\/index.php?rest_route=\/wp\/v2\/users\/1"}],"replies":[{"embeddable":true,"href":"https:\/\/sioux.adv.br\/index.php?rest_route=%2Fwp%2Fv2%2Fcomments&post=102"}],"version-history":[{"count":1,"href":"https:\/\/sioux.adv.br\/index.php?rest_route=\/wp\/v2\/pages\/102\/revisions"}],"predecessor-version":[{"id":104,"href":"https:\/\/sioux.adv.br\/index.php?rest_route=\/wp\/v2\/pages\/102\/revisions\/104"}],"wp:attachment":[{"href":"https:\/\/sioux.adv.br\/index.php?rest_route=%2Fwp%2Fv2%2Fmedia&parent=102"}],"curies":[{"name":"wp","href":"https:\/\/api.w.org\/{rel}","templated":true}]}}