{"id":79,"date":"2025-10-19T15:39:51","date_gmt":"2025-10-19T15:39:51","guid":{"rendered":"https:\/\/sioux.adv.br\/?page_id=79"},"modified":"2025-10-19T15:40:15","modified_gmt":"2025-10-19T15:40:15","slug":"direito-de-familia-e-sucessoes","status":"publish","type":"page","link":"https:\/\/sioux.adv.br\/?page_id=79","title":{"rendered":"Direito de Fam\u00edlia e Sucess\u00f5es"},"content":{"rendered":"\n<div class=\"wp-block-cover alignfull is-light has-contrast-color has-text-color has-link-color wp-elements-8040c3cf41b8727875ee9147c56ff7ad\" style=\"margin-top:0;margin-bottom:0;padding-top:var(--wp--preset--spacing--60);padding-right:var(--wp--preset--spacing--50);padding-bottom:var(--wp--preset--spacing--60);padding-left:var(--wp--preset--spacing--50)\"><span aria-hidden=\"true\" class=\"wp-block-cover__background has-base-background-color has-background-dim-100 has-background-dim\"><\/span><div class=\"wp-block-cover__inner-container has-global-padding is-layout-constrained wp-container-core-cover-is-layout-873ee6b1 wp-block-cover-is-layout-constrained\">\n<div class=\"wp-block-columns alignwide is-layout-flex wp-container-core-columns-is-layout-7ee84d44 wp-block-columns-is-layout-flex\">\n<div class=\"wp-block-column is-layout-flow wp-block-column-is-layout-flow\" style=\"flex-basis:65%\">\n<div class=\"wp-block-group is-vertical is-content-justification-stretch is-layout-flex wp-container-core-group-is-layout-353c4f5a wp-block-group-is-layout-flex\">\n<p class=\"is-style-text-subtitle has-medium-font-size is-style-text-subtitle--1\">A assessoria jur\u00eddica em <strong>Fam\u00edlia e Sucess\u00f5es<\/strong> \u00e9 indispens\u00e1vel para garantir <strong>seguran\u00e7a, equil\u00edbrio emocional e prote\u00e7\u00e3o patrimonial<\/strong> em situa\u00e7\u00f5es que envolvem v\u00ednculos pessoais, heran\u00e7a e administra\u00e7\u00e3o de bens. O escrit\u00f3rio atua com <strong>sensibilidade e t\u00e9cnica<\/strong>, buscando <strong>solu\u00e7\u00f5es justas, seguras e personalizadas<\/strong> para cada caso, sempre com foco na <strong>preven\u00e7\u00e3o de conflitos e na preserva\u00e7\u00e3o das rela\u00e7\u00f5es familiares<\/strong>.<\/p>\n\n\n\n<p class=\"is-style-text-subtitle has-medium-font-size is-style-text-subtitle--2\"><strong>Servi\u00e7os prestados:<\/strong><\/p>\n\n\n\n<p class=\"is-style-text-subtitle has-small-font-size is-style-text-subtitle--3\">&#8211; Elabora\u00e7\u00e3o de <strong>acordos, div\u00f3rcios consensuais e litigiosos<\/strong>, partilhas e dissolu\u00e7\u00f5es de uni\u00e3o est\u00e1vel;<\/p>\n\n\n\n<p class=\"has-small-font-size\">&#8211; Planejamento e execu\u00e7\u00e3o de <strong>invent\u00e1rios judiciais e extrajudiciais<\/strong>;<\/p>\n\n\n\n<p class=\"has-small-font-size\">&#8211; Assessoria em <strong>testamentos, doa\u00e7\u00f5es e sucess\u00f5es patrimoniais<\/strong>;<\/p>\n\n\n\n<p class=\"has-small-font-size\">&#8211; <strong>A\u00e7\u00f5es de alimentos, guarda, visitas e regulamenta\u00e7\u00e3o de conviv\u00eancia familiar<\/strong>;<\/p>\n\n\n\n<p class=\"has-small-font-size\">&#8211; <strong>Reconhecimento e dissolu\u00e7\u00e3o de uni\u00e3o est\u00e1vel<\/strong>, pactos e acordos familiares;<\/p>\n\n\n\n<p class=\"has-small-font-size\">&#8211; <strong>Interdi\u00e7\u00e3o e curatela<\/strong>, com acompanhamento integral de processos e medidas protetivas;<\/p>\n\n\n\n<p class=\"has-small-font-size\">&#8211; Consultoria em <strong>administra\u00e7\u00e3o e prote\u00e7\u00e3o de bens familiares<\/strong>;<\/p>\n\n\n\n<p class=\"is-style-text-subtitle has-small-font-size is-style-text-subtitle--4\">&#8211; Media\u00e7\u00e3o de conflitos familiares e atua\u00e7\u00e3o em <strong>defesas e pedidos de retifica\u00e7\u00e3o de registro civil<\/strong>; <\/p>\n\n\n\n<p class=\"is-style-text-subtitle has-small-font-size is-style-text-subtitle--5\">&#8211; Processo de Invent\u00e1rio, judicial e extrajudicial.<\/p>\n<\/div>\n<\/div>\n\n\n\n<div class=\"wp-block-column is-layout-flow wp-block-column-is-layout-flow\" style=\"flex-basis:35%\">\n<div class=\"wp-block-group is-vertical is-content-justification-stretch is-nowrap is-layout-flex wp-container-core-group-is-layout-73b0033c wp-block-group-is-layout-flex\">\n<figure class=\"wp-block-image size-full\"><img fetchpriority=\"high\" decoding=\"async\" width=\"270\" height=\"275\" src=\"https:\/\/sioux.adv.br\/wp-content\/uploads\/2025\/10\/AS-MARCA-D-AGUA-CINZA-4.png\" alt=\"\" class=\"wp-image-81\" style=\"aspect-ratio:3\/4;object-fit:cover\"\/><\/figure>\n\n\n\n<p class=\"has-text-align-right has-x-large-font-size\" style=\"line-height:1.2\"><a href=\"#\">Instagram<\/a><br><a href=\"#\">LinkedIn<\/a><br><a href=\"#\">Agora<\/a><\/p>\n<\/div>\n<\/div>\n<\/div>\n<\/div><\/div>\n\n\n\n<p><\/p>\n","protected":false},"excerpt":{"rendered":"","protected":false},"author":1,"featured_media":0,"parent":0,"menu_order":0,"comment_status":"closed","ping_status":"closed","template":"","meta":{"footnotes":""},"class_list":["post-79","page","type-page","status-publish","hentry"],"_links":{"self":[{"href":"https:\/\/sioux.adv.br\/index.php?rest_route=\/wp\/v2\/pages\/79","targetHints":{"allow":["GET"]}}],"collection":[{"href":"https:\/\/sioux.adv.br\/index.php?rest_route=\/wp\/v2\/pages"}],"about":[{"href":"https:\/\/sioux.adv.br\/index.php?rest_route=\/wp\/v2\/types\/page"}],"author":[{"embeddable":true,"href":"https:\/\/sioux.adv.br\/index.php?rest_route=\/wp\/v2\/users\/1"}],"replies":[{"embeddable":true,"href":"https:\/\/sioux.adv.br\/index.php?rest_route=%2Fwp%2Fv2%2Fcomments&post=79"}],"version-history":[{"count":2,"href":"https:\/\/sioux.adv.br\/index.php?rest_route=\/wp\/v2\/pages\/79\/revisions"}],"predecessor-version":[{"id":82,"href":"https:\/\/sioux.adv.br\/index.php?rest_route=\/wp\/v2\/pages\/79\/revisions\/82"}],"wp:attachment":[{"href":"https:\/\/sioux.adv.br\/index.php?rest_route=%2Fwp%2Fv2%2Fmedia&parent=79"}],"curies":[{"name":"wp","href":"https:\/\/api.w.org\/{rel}","templated":true}]}}