{"id":87,"date":"2025-10-19T15:50:28","date_gmt":"2025-10-19T15:50:28","guid":{"rendered":"https:\/\/sioux.adv.br\/?page_id=87"},"modified":"2025-10-19T15:50:28","modified_gmt":"2025-10-19T15:50:28","slug":"direito-penal-empresarial","status":"publish","type":"page","link":"https:\/\/sioux.adv.br\/?page_id=87","title":{"rendered":"Direito Penal Empresarial"},"content":{"rendered":"\n<div class=\"wp-block-cover alignfull is-light has-contrast-color has-text-color has-link-color wp-elements-1c2828cfba2977e482f6e2c7556a86dd\" style=\"margin-top:0;margin-bottom:0;padding-top:var(--wp--preset--spacing--60);padding-right:var(--wp--preset--spacing--50);padding-bottom:var(--wp--preset--spacing--60);padding-left:var(--wp--preset--spacing--50)\"><span aria-hidden=\"true\" class=\"wp-block-cover__background has-base-background-color has-background-dim-100 has-background-dim\"><\/span><div class=\"wp-block-cover__inner-container has-global-padding is-layout-constrained wp-container-core-cover-is-layout-873ee6b1 wp-block-cover-is-layout-constrained\">\n<div class=\"wp-block-columns alignwide is-layout-flex wp-container-core-columns-is-layout-7ee84d44 wp-block-columns-is-layout-flex\">\n<div class=\"wp-block-column is-layout-flow wp-block-column-is-layout-flow\" style=\"flex-basis:65%\">\n<div class=\"wp-block-group is-vertical is-content-justification-stretch is-layout-flex wp-container-core-group-is-layout-353c4f5a wp-block-group-is-layout-flex\">\n<p class=\"is-style-text-subtitle has-medium-font-size is-style-text-subtitle--1\">A atua\u00e7\u00e3o em <strong>Direito Penal Empresarial<\/strong> \u00e9 voltada \u00e0 <strong>preven\u00e7\u00e3o de riscos e \u00e0 defesa t\u00e9cnica em procedimentos criminais relacionados \u00e0 atividade econ\u00f4mica, empresarial e condominial<\/strong>. O escrit\u00f3rio oferece <strong>consultoria preventiva e representa\u00e7\u00e3o em inqu\u00e9ritos e a\u00e7\u00f5es penais<\/strong>, assegurando a observ\u00e2ncia das garantias constitucionais e a prote\u00e7\u00e3o da reputa\u00e7\u00e3o e da gest\u00e3o corporativa. A abordagem \u00e9 pautada na <strong>estrat\u00e9gia, confidencialidade e precis\u00e3o t\u00e9cnica<\/strong>, buscando solu\u00e7\u00f5es eficazes e juridicamente seguras para <strong>empres\u00e1rios, administradores, s\u00edndicos e profissionais liberais<\/strong>. Oferecendo os seguintes servi\u00e7os:<\/p>\n\n\n\n<p class=\"has-small-font-size\">&#8211; Defesa t\u00e9cnica em crimes vinculados \u00e0 atividade empresarial;<\/p>\n\n\n\n<p class=\"has-small-font-size\">&#8211; Atua\u00e7\u00e3o em lavagem de dinheiro, organiza\u00e7\u00e3o criminosa, crimes ambientais, tribut\u00e1rios e contra a administra\u00e7\u00e3o p\u00fablica;<\/p>\n\n\n\n<p class=\"has-small-font-size\">&#8211; Consultoria preventiva em compliance penal e due diligence criminal;<\/p>\n\n\n\n<p class=\"has-small-font-size\">&#8211; Elabora\u00e7\u00e3o de pareceres e defesas em procedimentos criminais;<\/p>\n\n\n\n<p class=\"has-small-font-size\">&#8211; Atua\u00e7\u00e3o em inqu\u00e9ritos, a\u00e7\u00f5es penais e recursos, com base em garantias constitucionais;<\/p>\n\n\n\n<p class=\"has-small-font-size\">&#8211; Treinamentos e orienta\u00e7\u00f5es sobre responsabilidade penal de administradores e s\u00edndicos.<\/p>\n<\/div>\n<\/div>\n\n\n\n<div class=\"wp-block-column is-layout-flow wp-block-column-is-layout-flow\" style=\"flex-basis:35%\">\n<div class=\"wp-block-group is-vertical is-content-justification-stretch is-nowrap is-layout-flex wp-container-core-group-is-layout-73b0033c wp-block-group-is-layout-flex\">\n<figure class=\"wp-block-image size-full\"><img fetchpriority=\"high\" decoding=\"async\" width=\"270\" height=\"275\" src=\"https:\/\/sioux.adv.br\/wp-content\/uploads\/2025\/10\/AS-MARCA-D-AGUA-CINZA-5.png\" alt=\"\" class=\"wp-image-88\" style=\"aspect-ratio:3\/4;object-fit:cover\"\/><\/figure>\n\n\n\n<p class=\"has-text-align-right has-x-large-font-size\" style=\"line-height:1.2\"><a href=\"#\">Instagram<\/a><br><a href=\"#\">LinkedIn<\/a><br><a href=\"#\">Agora<\/a><\/p>\n<\/div>\n<\/div>\n<\/div>\n<\/div><\/div>\n","protected":false},"excerpt":{"rendered":"","protected":false},"author":1,"featured_media":0,"parent":0,"menu_order":0,"comment_status":"closed","ping_status":"closed","template":"","meta":{"footnotes":""},"class_list":["post-87","page","type-page","status-publish","hentry"],"_links":{"self":[{"href":"https:\/\/sioux.adv.br\/index.php?rest_route=\/wp\/v2\/pages\/87","targetHints":{"allow":["GET"]}}],"collection":[{"href":"https:\/\/sioux.adv.br\/index.php?rest_route=\/wp\/v2\/pages"}],"about":[{"href":"https:\/\/sioux.adv.br\/index.php?rest_route=\/wp\/v2\/types\/page"}],"author":[{"embeddable":true,"href":"https:\/\/sioux.adv.br\/index.php?rest_route=\/wp\/v2\/users\/1"}],"replies":[{"embeddable":true,"href":"https:\/\/sioux.adv.br\/index.php?rest_route=%2Fwp%2Fv2%2Fcomments&post=87"}],"version-history":[{"count":1,"href":"https:\/\/sioux.adv.br\/index.php?rest_route=\/wp\/v2\/pages\/87\/revisions"}],"predecessor-version":[{"id":89,"href":"https:\/\/sioux.adv.br\/index.php?rest_route=\/wp\/v2\/pages\/87\/revisions\/89"}],"wp:attachment":[{"href":"https:\/\/sioux.adv.br\/index.php?rest_route=%2Fwp%2Fv2%2Fmedia&parent=87"}],"curies":[{"name":"wp","href":"https:\/\/api.w.org\/{rel}","templated":true}]}}